{"id":534,"date":"2021-02-24T05:26:52","date_gmt":"2021-02-24T05:26:52","guid":{"rendered":"http:\/\/dimeconsultoria.com\/index.php\/about\/"},"modified":"2021-07-21T02:55:57","modified_gmt":"2021-07-21T02:55:57","slug":"empresa","status":"publish","type":"page","link":"https:\/\/dimeconsultoria.com\/index.php\/empresa\/","title":{"rendered":"Sobre Nosotros"},"content":{"rendered":"\t\t<div data-elementor-type=\"wp-page\" data-elementor-id=\"534\" class=\"elementor elementor-534\" data-elementor-settings=\"[]\">\n\t\t\t\t\t\t\t<div class=\"elementor-section-wrap\">\n\t\t\t\t\t\t\t<section class=\"elementor-section elementor-top-section elementor-element elementor-element-5d9bb80 elementor-section-boxed elementor-section-height-default elementor-section-height-default\" data-id=\"5d9bb80\" data-element_type=\"section\" data-settings=\"{&quot;background_background&quot;:&quot;classic&quot;}\">\n\t\t\t\t\t\t<div class=\"elementor-container elementor-column-gap-no\">\n\t\t\t\t\t<div class=\"elementor-column elementor-col-100 elementor-top-column elementor-element elementor-element-bc8140c\" data-id=\"bc8140c\" data-element_type=\"column\">\n\t\t\t<div class=\"elementor-widget-wrap elementor-element-populated\">\n\t\t\t\t\t\t\t\t\t<\/div>\n\t\t<\/div>\n\t\t\t\t\t\t\t<\/div>\n\t\t<\/section>\n\t\t\t\t<section class=\"elementor-section elementor-top-section elementor-element elementor-element-66e89d5e elementor-section-content-middle elementor-section-boxed elementor-section-height-default elementor-section-height-default\" data-id=\"66e89d5e\" data-element_type=\"section\">\n\t\t\t\t\t\t<div class=\"elementor-container elementor-column-gap-no\">\n\t\t\t\t\t<div class=\"elementor-column elementor-col-50 elementor-top-column elementor-element elementor-element-7337fed3\" data-id=\"7337fed3\" data-element_type=\"column\">\n\t\t\t<div class=\"elementor-widget-wrap elementor-element-populated\">\n\t\t\t\t\t\t\t\t<div class=\"elementor-element elementor-element-68127564 elementor-widget-divider--view-line elementor-widget elementor-widget-divider\" data-id=\"68127564\" data-element_type=\"widget\" data-widget_type=\"divider.default\">\n\t\t\t\t<div class=\"elementor-widget-container\">\n\t\t\t\t\t<div class=\"elementor-divider\">\n\t\t\t<span class=\"elementor-divider-separator\">\n\t\t\t\t\t\t<\/span>\n\t\t<\/div>\n\t\t\t\t<\/div>\n\t\t\t\t<\/div>\n\t\t\t\t<div class=\"elementor-element elementor-element-546a1313 elementor-widget elementor-widget-heading\" data-id=\"546a1313\" data-element_type=\"widget\" data-widget_type=\"heading.default\">\n\t\t\t\t<div class=\"elementor-widget-container\">\n\t\t\t<h4 class=\"elementor-heading-title elementor-size-default\">\u00bfQui\u00e9nes somos?<\/h4>\t\t<\/div>\n\t\t\t\t<\/div>\n\t\t\t\t\t<\/div>\n\t\t<\/div>\n\t\t\t\t<div class=\"elementor-column elementor-col-50 elementor-top-column elementor-element elementor-element-489d92ed\" data-id=\"489d92ed\" data-element_type=\"column\">\n\t\t\t<div class=\"elementor-widget-wrap elementor-element-populated\">\n\t\t\t\t\t\t\t\t<div class=\"elementor-element elementor-element-79302096 elementor-widget elementor-widget-text-editor\" data-id=\"79302096\" data-element_type=\"widget\" data-widget_type=\"text-editor.default\">\n\t\t\t\t<div class=\"elementor-widget-container\">\n\t\t\t\t\t\t\t\t<p>DIME CONSULTOR\u00cdA EMPRESARIAL es una empresa regiomontana que nace para ofrecer servicios especializados a la necesidad de cada uno de nuestros clientes. Dise\u00f1ando los mejores planes estrat\u00e9gicos en materia jur\u00eddica, fiscal, financiera y administrativa, garantizando la confidencialidad, transparencia y seguridad que merece y tendra cada uno de nuestros clientes.<\/p><p>\u00a0<\/p>\t\t\t\t\t\t<\/div>\n\t\t\t\t<\/div>\n\t\t\t\t\t<\/div>\n\t\t<\/div>\n\t\t\t\t\t\t\t<\/div>\n\t\t<\/section>\n\t\t\t\t<section class=\"elementor-section elementor-top-section elementor-element elementor-element-dcb176b elementor-section-boxed elementor-section-height-default elementor-section-height-default\" data-id=\"dcb176b\" data-element_type=\"section\">\n\t\t\t\t\t\t<div class=\"elementor-container elementor-column-gap-default\">\n\t\t\t\t\t<div class=\"elementor-column elementor-col-100 elementor-top-column elementor-element elementor-element-1a10218\" data-id=\"1a10218\" data-element_type=\"column\">\n\t\t\t<div class=\"elementor-widget-wrap elementor-element-populated\">\n\t\t\t\t\t\t\t\t<div class=\"elementor-element elementor-element-23214dc elementor-widget elementor-widget-heading\" data-id=\"23214dc\" data-element_type=\"widget\" data-widget_type=\"heading.default\">\n\t\t\t\t<div class=\"elementor-widget-container\">\n\t\t\t<h2 class=\"elementor-heading-title elementor-size-default\">Misi\u00f3n <\/h2>\t\t<\/div>\n\t\t\t\t<\/div>\n\t\t\t\t\t<\/div>\n\t\t<\/div>\n\t\t\t\t\t\t\t<\/div>\n\t\t<\/section>\n\t\t\t\t<section class=\"elementor-section elementor-top-section elementor-element elementor-element-1245265 elementor-section-boxed elementor-section-height-default elementor-section-height-default\" data-id=\"1245265\" data-element_type=\"section\">\n\t\t\t\t\t\t<div class=\"elementor-container elementor-column-gap-default\">\n\t\t\t\t\t<div class=\"elementor-column elementor-col-100 elementor-top-column elementor-element elementor-element-3916321\" data-id=\"3916321\" data-element_type=\"column\">\n\t\t\t<div class=\"elementor-widget-wrap elementor-element-populated\">\n\t\t\t\t\t\t\t\t<div class=\"elementor-element elementor-element-1e59e86 elementor-widget elementor-widget-text-editor\" data-id=\"1e59e86\" data-element_type=\"widget\" data-widget_type=\"text-editor.default\">\n\t\t\t\t<div class=\"elementor-widget-container\">\n\t\t\t\t\t\t\t\t<p>Ofrecer a nivel nacional servicios integrales, de planeaci\u00f3n y consultor\u00eda, siempre considerando el marco de la legalidad para ofrecer soluciones viables y efectivas a cada problematica de nuestros clientes.<\/p>\t\t\t\t\t\t<\/div>\n\t\t\t\t<\/div>\n\t\t\t\t\t<\/div>\n\t\t<\/div>\n\t\t\t\t\t\t\t<\/div>\n\t\t<\/section>\n\t\t\t\t<section class=\"elementor-section elementor-top-section elementor-element elementor-element-dc6db35 elementor-section-boxed elementor-section-height-default elementor-section-height-default\" data-id=\"dc6db35\" data-element_type=\"section\">\n\t\t\t\t\t\t<div class=\"elementor-container elementor-column-gap-default\">\n\t\t\t\t\t<div class=\"elementor-column elementor-col-100 elementor-top-column elementor-element elementor-element-63b7adf\" data-id=\"63b7adf\" data-element_type=\"column\">\n\t\t\t<div class=\"elementor-widget-wrap elementor-element-populated\">\n\t\t\t\t\t\t\t\t<div class=\"elementor-element elementor-element-e778af1 elementor-widget-divider--view-line elementor-widget elementor-widget-divider\" data-id=\"e778af1\" data-element_type=\"widget\" data-widget_type=\"divider.default\">\n\t\t\t\t<div class=\"elementor-widget-container\">\n\t\t\t\t\t<div class=\"elementor-divider\">\n\t\t\t<span class=\"elementor-divider-separator\">\n\t\t\t\t\t\t<\/span>\n\t\t<\/div>\n\t\t\t\t<\/div>\n\t\t\t\t<\/div>\n\t\t\t\t\t<\/div>\n\t\t<\/div>\n\t\t\t\t\t\t\t<\/div>\n\t\t<\/section>\n\t\t\t\t<section class=\"elementor-section elementor-top-section elementor-element elementor-element-44ebeac elementor-section-boxed elementor-section-height-default elementor-section-height-default\" data-id=\"44ebeac\" data-element_type=\"section\">\n\t\t\t\t\t\t<div class=\"elementor-container elementor-column-gap-default\">\n\t\t\t\t\t<div class=\"elementor-column elementor-col-100 elementor-top-column elementor-element elementor-element-3497fcc\" data-id=\"3497fcc\" data-element_type=\"column\">\n\t\t\t<div class=\"elementor-widget-wrap elementor-element-populated\">\n\t\t\t\t\t\t\t\t<div class=\"elementor-element elementor-element-452ef66 elementor-widget elementor-widget-heading\" data-id=\"452ef66\" data-element_type=\"widget\" data-widget_type=\"heading.default\">\n\t\t\t\t<div class=\"elementor-widget-container\">\n\t\t\t<h2 class=\"elementor-heading-title elementor-size-default\">Visi\u00f3n<\/h2>\t\t<\/div>\n\t\t\t\t<\/div>\n\t\t\t\t\t<\/div>\n\t\t<\/div>\n\t\t\t\t\t\t\t<\/div>\n\t\t<\/section>\n\t\t\t\t<section class=\"elementor-section elementor-top-section elementor-element elementor-element-c3aa9de elementor-section-boxed elementor-section-height-default elementor-section-height-default\" data-id=\"c3aa9de\" data-element_type=\"section\">\n\t\t\t\t\t\t<div class=\"elementor-container elementor-column-gap-default\">\n\t\t\t\t\t<div class=\"elementor-column elementor-col-100 elementor-top-column elementor-element elementor-element-7a4e9a7\" data-id=\"7a4e9a7\" data-element_type=\"column\">\n\t\t\t<div class=\"elementor-widget-wrap elementor-element-populated\">\n\t\t\t\t\t\t\t\t<div class=\"elementor-element elementor-element-2042573 elementor-widget elementor-widget-text-editor\" data-id=\"2042573\" data-element_type=\"widget\" data-widget_type=\"text-editor.default\">\n\t\t\t\t<div class=\"elementor-widget-container\">\n\t\t\t\t\t\t\t\t<p style=\"text-align: center;\">Ser indudablemente la opcion numero uno para todos nuestros clientes en cuanto a servicios de planeacion y aesoria integral se refiere.<\/p>\t\t\t\t\t\t<\/div>\n\t\t\t\t<\/div>\n\t\t\t\t\t<\/div>\n\t\t<\/div>\n\t\t\t\t\t\t\t<\/div>\n\t\t<\/section>\n\t\t\t\t<section class=\"elementor-section elementor-top-section elementor-element elementor-element-1bd43a8 elementor-section-boxed elementor-section-height-default elementor-section-height-default\" data-id=\"1bd43a8\" data-element_type=\"section\">\n\t\t\t\t\t\t<div class=\"elementor-container elementor-column-gap-default\">\n\t\t\t\t\t<div class=\"elementor-column elementor-col-100 elementor-top-column elementor-element elementor-element-48d3fee\" data-id=\"48d3fee\" data-element_type=\"column\">\n\t\t\t<div class=\"elementor-widget-wrap elementor-element-populated\">\n\t\t\t\t\t\t\t\t<div class=\"elementor-element elementor-element-f0c0bb4 elementor-widget-divider--view-line elementor-widget elementor-widget-divider\" data-id=\"f0c0bb4\" data-element_type=\"widget\" data-widget_type=\"divider.default\">\n\t\t\t\t<div class=\"elementor-widget-container\">\n\t\t\t\t\t<div class=\"elementor-divider\">\n\t\t\t<span class=\"elementor-divider-separator\">\n\t\t\t\t\t\t<\/span>\n\t\t<\/div>\n\t\t\t\t<\/div>\n\t\t\t\t<\/div>\n\t\t\t\t\t<\/div>\n\t\t<\/div>\n\t\t\t\t\t\t\t<\/div>\n\t\t<\/section>\n\t\t\t\t<section class=\"elementor-section elementor-top-section elementor-element elementor-element-43ec7253 elementor-section-content-middle elementor-section-boxed elementor-section-height-default elementor-section-height-default\" data-id=\"43ec7253\" data-element_type=\"section\">\n\t\t\t\t\t\t<div class=\"elementor-container elementor-column-gap-no\">\n\t\t\t\t\t<div class=\"elementor-column elementor-col-100 elementor-top-column elementor-element elementor-element-47c53120\" data-id=\"47c53120\" data-element_type=\"column\">\n\t\t\t<div class=\"elementor-widget-wrap elementor-element-populated\">\n\t\t\t\t\t\t\t\t<div class=\"elementor-element elementor-element-5a30c36f elementor-widget elementor-widget-heading\" data-id=\"5a30c36f\" data-element_type=\"widget\" data-widget_type=\"heading.default\">\n\t\t\t\t<div class=\"elementor-widget-container\">\n\t\t\t<h4 class=\"elementor-heading-title elementor-size-default\">VALORES<\/h4>\t\t<\/div>\n\t\t\t\t<\/div>\n\t\t\t\t<section class=\"elementor-section elementor-inner-section elementor-element elementor-element-4cf517f3 elementor-section-content-middle elementor-section-boxed elementor-section-height-default elementor-section-height-default\" data-id=\"4cf517f3\" data-element_type=\"section\">\n\t\t\t\t\t\t<div class=\"elementor-container elementor-column-gap-no\">\n\t\t\t\t\t<div class=\"elementor-column elementor-col-33 elementor-inner-column elementor-element elementor-element-73d667cb\" data-id=\"73d667cb\" data-element_type=\"column\">\n\t\t\t<div class=\"elementor-widget-wrap elementor-element-populated\">\n\t\t\t\t\t\t\t\t<div class=\"elementor-element elementor-element-62c17c64 elementor-position-top elementor-vertical-align-top elementor-widget elementor-widget-image-box\" data-id=\"62c17c64\" data-element_type=\"widget\" data-widget_type=\"image-box.default\">\n\t\t\t\t<div class=\"elementor-widget-container\">\n\t\t\t<div class=\"elementor-image-box-wrapper\"><figure class=\"elementor-image-box-img\"><img width=\"1024\" height=\"1024\" src=\"https:\/\/dimeconsultoria.com\/wp-content\/uploads\/2021\/07\/lawyer-scales-of-justice-judge-450205-1024x1024.png\" class=\"elementor-animation-grow attachment-large size-large\" alt=\"lawyer, scales of justice, judge-450205.jpg\" loading=\"lazy\" srcset=\"https:\/\/dimeconsultoria.com\/wp-content\/uploads\/2021\/07\/lawyer-scales-of-justice-judge-450205-1024x1024.png 1024w, https:\/\/dimeconsultoria.com\/wp-content\/uploads\/2021\/07\/lawyer-scales-of-justice-judge-450205-300x300.png 300w, https:\/\/dimeconsultoria.com\/wp-content\/uploads\/2021\/07\/lawyer-scales-of-justice-judge-450205-150x150.png 150w, https:\/\/dimeconsultoria.com\/wp-content\/uploads\/2021\/07\/lawyer-scales-of-justice-judge-450205-768x768.png 768w, https:\/\/dimeconsultoria.com\/wp-content\/uploads\/2021\/07\/lawyer-scales-of-justice-judge-450205.png 1280w\" sizes=\"(max-width: 1024px) 100vw, 1024px\" \/><\/figure><div class=\"elementor-image-box-content\"><h3 class=\"elementor-image-box-title\">Honestidad<\/h3><p class=\"elementor-image-box-description\">La transparencia y claridad es lo nuestro siempre ofrecemos el mejor plan para ti. <\/p><\/div><\/div>\t\t<\/div>\n\t\t\t\t<\/div>\n\t\t\t\t\t<\/div>\n\t\t<\/div>\n\t\t\t\t<div class=\"elementor-column elementor-col-33 elementor-inner-column elementor-element elementor-element-aedfa9f\" data-id=\"aedfa9f\" data-element_type=\"column\">\n\t\t\t<div class=\"elementor-widget-wrap elementor-element-populated\">\n\t\t\t\t\t\t\t\t<div class=\"elementor-element elementor-element-2a8c734 elementor-position-top elementor-vertical-align-top elementor-widget elementor-widget-image-box\" data-id=\"2a8c734\" data-element_type=\"widget\" data-widget_type=\"image-box.default\">\n\t\t\t\t<div class=\"elementor-widget-container\">\n\t\t\t<div class=\"elementor-image-box-wrapper\"><figure class=\"elementor-image-box-img\"><img width=\"1024\" height=\"1024\" src=\"https:\/\/dimeconsultoria.com\/wp-content\/uploads\/2021\/07\/flower-of-life-flower-graphic-2648527-1024x1024.png\" class=\"elementor-animation-grow attachment-large size-large\" alt=\"flower of life, flower, graphic-2648527.jpg\" loading=\"lazy\" srcset=\"https:\/\/dimeconsultoria.com\/wp-content\/uploads\/2021\/07\/flower-of-life-flower-graphic-2648527-1024x1024.png 1024w, https:\/\/dimeconsultoria.com\/wp-content\/uploads\/2021\/07\/flower-of-life-flower-graphic-2648527-300x300.png 300w, https:\/\/dimeconsultoria.com\/wp-content\/uploads\/2021\/07\/flower-of-life-flower-graphic-2648527-150x150.png 150w, https:\/\/dimeconsultoria.com\/wp-content\/uploads\/2021\/07\/flower-of-life-flower-graphic-2648527-768x768.png 768w, https:\/\/dimeconsultoria.com\/wp-content\/uploads\/2021\/07\/flower-of-life-flower-graphic-2648527.png 1280w\" sizes=\"(max-width: 1024px) 100vw, 1024px\" \/><\/figure><div class=\"elementor-image-box-content\"><h3 class=\"elementor-image-box-title\">Calidad<\/h3><p class=\"elementor-image-box-description\">Realizamos nuestro trabajo con el menor margen de riesgo para quienes depositan su confianza en nosotros.<\/p><\/div><\/div>\t\t<\/div>\n\t\t\t\t<\/div>\n\t\t\t\t\t<\/div>\n\t\t<\/div>\n\t\t\t\t<div class=\"elementor-column elementor-col-33 elementor-inner-column elementor-element elementor-element-210255c\" data-id=\"210255c\" data-element_type=\"column\">\n\t\t\t<div class=\"elementor-widget-wrap elementor-element-populated\">\n\t\t\t\t\t\t\t\t<div class=\"elementor-element elementor-element-725a468 elementor-position-top elementor-vertical-align-top elementor-widget elementor-widget-image-box\" data-id=\"725a468\" data-element_type=\"widget\" data-widget_type=\"image-box.default\">\n\t\t\t\t<div class=\"elementor-widget-container\">\n\t\t\t<div class=\"elementor-image-box-wrapper\"><figure class=\"elementor-image-box-img\"><img width=\"1024\" height=\"1024\" src=\"https:\/\/dimeconsultoria.com\/wp-content\/uploads\/2021\/07\/taijitu-yin-yang-161352-1024x1024.png\" class=\"elementor-animation-grow attachment-large size-large\" alt=\"taijitu, yin, yang-161352.jpg\" loading=\"lazy\" srcset=\"https:\/\/dimeconsultoria.com\/wp-content\/uploads\/2021\/07\/taijitu-yin-yang-161352-1024x1024.png 1024w, https:\/\/dimeconsultoria.com\/wp-content\/uploads\/2021\/07\/taijitu-yin-yang-161352-300x300.png 300w, https:\/\/dimeconsultoria.com\/wp-content\/uploads\/2021\/07\/taijitu-yin-yang-161352-150x150.png 150w, https:\/\/dimeconsultoria.com\/wp-content\/uploads\/2021\/07\/taijitu-yin-yang-161352-768x768.png 768w, https:\/\/dimeconsultoria.com\/wp-content\/uploads\/2021\/07\/taijitu-yin-yang-161352.png 1280w\" sizes=\"(max-width: 1024px) 100vw, 1024px\" \/><\/figure><div class=\"elementor-image-box-content\"><h3 class=\"elementor-image-box-title\">Lealtad<\/h3><p class=\"elementor-image-box-description\">Tu raz\u00f3n de negocio es el nuestro, comprometidos siempre a que logres tus objetivos.<\/p><\/div><\/div>\t\t<\/div>\n\t\t\t\t<\/div>\n\t\t\t\t\t<\/div>\n\t\t<\/div>\n\t\t\t\t\t\t\t<\/div>\n\t\t<\/section>\n\t\t\t\t\t<\/div>\n\t\t<\/div>\n\t\t\t\t\t\t\t<\/div>\n\t\t<\/section>\n\t\t\t\t<section class=\"elementor-section elementor-top-section elementor-element elementor-element-5d62010 elementor-section-boxed elementor-section-height-default elementor-section-height-default\" data-id=\"5d62010\" data-element_type=\"section\">\n\t\t\t\t\t\t<div class=\"elementor-container elementor-column-gap-no\">\n\t\t\t\t\t<div class=\"elementor-column elementor-col-100 elementor-top-column elementor-element elementor-element-3e0b6ed\" data-id=\"3e0b6ed\" data-element_type=\"column\">\n\t\t\t<div class=\"elementor-widget-wrap elementor-element-populated\">\n\t\t\t\t\t\t\t\t<section class=\"elementor-section elementor-inner-section elementor-element elementor-element-fa7ddf3 elementor-section-boxed elementor-section-height-default elementor-section-height-default\" data-id=\"fa7ddf3\" data-element_type=\"section\">\n\t\t\t\t\t\t<div class=\"elementor-container elementor-column-gap-no\">\n\t\t\t\t\t<div class=\"elementor-column elementor-col-50 elementor-inner-column elementor-element elementor-element-220f69c\" data-id=\"220f69c\" data-element_type=\"column\">\n\t\t\t<div class=\"elementor-widget-wrap elementor-element-populated\">\n\t\t\t\t\t\t\t\t<div class=\"elementor-element elementor-element-0eec82a elementor-widget elementor-widget-heading\" data-id=\"0eec82a\" data-element_type=\"widget\" data-widget_type=\"heading.default\">\n\t\t\t\t<div class=\"elementor-widget-container\">\n\t\t\t<h2 class=\"elementor-heading-title elementor-size-default\">D I M E <br>Consultor\u00eda empresarial<\/h2>\t\t<\/div>\n\t\t\t\t<\/div>\n\t\t\t\t\t<\/div>\n\t\t<\/div>\n\t\t\t\t<div class=\"elementor-column elementor-col-50 elementor-inner-column elementor-element elementor-element-09b0380\" data-id=\"09b0380\" data-element_type=\"column\">\n\t\t\t<div class=\"elementor-widget-wrap elementor-element-populated\">\n\t\t\t\t\t\t\t\t\t<\/div>\n\t\t<\/div>\n\t\t\t\t\t\t\t<\/div>\n\t\t<\/section>\n\t\t\t\t<div class=\"elementor-element elementor-element-bf5df29 elementor-widget elementor-widget-text-editor\" data-id=\"bf5df29\" data-element_type=\"widget\" data-widget_type=\"text-editor.default\">\n\t\t\t\t<div class=\"elementor-widget-container\">\n\t\t\t\t\t\t\t\t<p><strong>DIME CONSULTORIA EMPRESARIAL es una empresa mexicana establecida\u00a0 en monterrey Nuevo Le\u00f3n que ofrece una amplia gama de servicios profesionales de consultor\u00eda fiscal y de negocios para que el desarrollo de tu empresa sea lo m\u00e1s rentable y productiva con el m\u00ednimo de aplicaci\u00f3n de sus recursos.<\/strong><\/p><p>Contamos con especialistas en todas las \u00e1reas altamente competitivos, con una larga trayectoria de experiencia en la planeaci\u00f3n administrativa jur\u00eddica fiscal y de nuevos proyectos para los negocios con toda la actualizaci\u00f3n e innovaci\u00f3n que hoy en d\u00eda se requiere para llegar y cumplir con \u00e9xito y tranquilidad todos los objetivos que usted se ha comprometido con su negocio.<\/p>\t\t\t\t\t\t<\/div>\n\t\t\t\t<\/div>\n\t\t\t\t<section class=\"elementor-section elementor-inner-section elementor-element elementor-element-ea314a8 elementor-section-content-middle elementor-section-boxed elementor-section-height-default elementor-section-height-default\" data-id=\"ea314a8\" data-element_type=\"section\">\n\t\t\t\t\t\t<div class=\"elementor-container elementor-column-gap-no\">\n\t\t\t\t\t<div class=\"elementor-column elementor-col-50 elementor-inner-column elementor-element elementor-element-dd8cd84\" data-id=\"dd8cd84\" data-element_type=\"column\">\n\t\t\t<div class=\"elementor-widget-wrap elementor-element-populated\">\n\t\t\t\t\t\t\t\t<div class=\"elementor-element elementor-element-88e7597 elementor-widget elementor-widget-image\" data-id=\"88e7597\" data-element_type=\"widget\" data-widget_type=\"image.default\">\n\t\t\t\t<div class=\"elementor-widget-container\">\n\t\t\t\t\t\t\t\t\t\t\t\t\t\t\t<img width=\"1280\" height=\"1232\" src=\"https:\/\/dimeconsultoria.com\/wp-content\/uploads\/2021\/07\/justice-scales-law-2747368.png\" class=\"attachment-full size-full\" alt=\"justice, scales, law-2747368.jpg\" loading=\"lazy\" srcset=\"https:\/\/dimeconsultoria.com\/wp-content\/uploads\/2021\/07\/justice-scales-law-2747368.png 1280w, https:\/\/dimeconsultoria.com\/wp-content\/uploads\/2021\/07\/justice-scales-law-2747368-300x289.png 300w, https:\/\/dimeconsultoria.com\/wp-content\/uploads\/2021\/07\/justice-scales-law-2747368-1024x986.png 1024w, https:\/\/dimeconsultoria.com\/wp-content\/uploads\/2021\/07\/justice-scales-law-2747368-768x739.png 768w\" sizes=\"(max-width: 1280px) 100vw, 1280px\" \/>\t\t\t\t\t\t\t\t\t\t\t\t\t\t\t<\/div>\n\t\t\t\t<\/div>\n\t\t\t\t\t<\/div>\n\t\t<\/div>\n\t\t\t\t<div class=\"elementor-column elementor-col-50 elementor-inner-column elementor-element elementor-element-b1b0d3c\" data-id=\"b1b0d3c\" data-element_type=\"column\">\n\t\t\t<div class=\"elementor-widget-wrap elementor-element-populated\">\n\t\t\t\t\t\t\t\t<div class=\"elementor-element elementor-element-171b685 elementor-view-default elementor-widget elementor-widget-icon\" data-id=\"171b685\" data-element_type=\"widget\" data-widget_type=\"icon.default\">\n\t\t\t\t<div class=\"elementor-widget-container\">\n\t\t\t\t\t<div class=\"elementor-icon-wrapper\">\n\t\t\t<div class=\"elementor-icon\">\n\t\t\t<i aria-hidden=\"true\" class=\"fas fa-quote-right\"><\/i>\t\t\t<\/div>\n\t\t<\/div>\n\t\t\t\t<\/div>\n\t\t\t\t<\/div>\n\t\t\t\t<div class=\"elementor-element elementor-element-e316f28 elementor-widget elementor-widget-heading\" data-id=\"e316f28\" data-element_type=\"widget\" data-widget_type=\"heading.default\">\n\t\t\t\t<div class=\"elementor-widget-container\">\n\t\t\t<h3 class=\"elementor-heading-title elementor-size-default\">Nuestros servicios y conceptos van en principio de forma a establecer ahorros y beneficios de los recursos de la empresa para que sean aplicados de la manera mas correcta y adecuada. \n\n<\/h3>\t\t<\/div>\n\t\t\t\t<\/div>\n\t\t\t\t<div class=\"elementor-element elementor-element-3ec5456 elementor-widget elementor-widget-heading\" data-id=\"3ec5456\" data-element_type=\"widget\" data-widget_type=\"heading.default\">\n\t\t\t\t<div class=\"elementor-widget-container\">\n\t\t\t<h3 class=\"elementor-heading-title elementor-size-default\">Usted que esta leyendo esto lo invitamos personalmente a que nos conozca y tengamos un una cita personalizada con nuestros ejecutivos y deposite su confianza con nosotros.  Gracias. \n<\/h3>\t\t<\/div>\n\t\t\t\t<\/div>\n\t\t\t\t\t<\/div>\n\t\t<\/div>\n\t\t\t\t\t\t\t<\/div>\n\t\t<\/section>\n\t\t\t\t\t<\/div>\n\t\t<\/div>\n\t\t\t\t\t\t\t<\/div>\n\t\t<\/section>\n\t\t\t\t\t\t<\/div>\n\t\t\t\t\t<\/div>\n\t\t","protected":false},"excerpt":{"rendered":"<p>\u00bfQui\u00e9nes somos? DIME CONSULTOR\u00cdA EMPRESARIAL es una empresa regiomontana que nace para ofrecer servicios especializados a la necesidad de cada uno de nuestros clientes. Dise\u00f1ando los mejores planes estrat\u00e9gicos en materia jur\u00eddica, fiscal, financiera y administrativa, garantizando la confidencialidad, transparencia y seguridad que merece y tendra cada uno de nuestros clientes. \u00a0 Misi\u00f3n Ofrecer a &hellip;<\/p>\n<p class=\"read-more\"> <a class=\"\" href=\"https:\/\/dimeconsultoria.com\/index.php\/empresa\/\"> <span class=\"screen-reader-text\">Sobre Nosotros<\/span> Leer m\u00e1s &raquo;<\/a><\/p>\n","protected":false},"author":1,"featured_media":0,"parent":0,"menu_order":0,"comment_status":"closed","ping_status":"closed","template":"","meta":{"om_disable_all_campaigns":false,"_monsterinsights_skip_tracking":false,"_monsterinsights_sitenote_active":false,"_monsterinsights_sitenote_note":"","_monsterinsights_sitenote_category":0},"_links":{"self":[{"href":"https:\/\/dimeconsultoria.com\/index.php\/wp-json\/wp\/v2\/pages\/534"}],"collection":[{"href":"https:\/\/dimeconsultoria.com\/index.php\/wp-json\/wp\/v2\/pages"}],"about":[{"href":"https:\/\/dimeconsultoria.com\/index.php\/wp-json\/wp\/v2\/types\/page"}],"author":[{"embeddable":true,"href":"https:\/\/dimeconsultoria.com\/index.php\/wp-json\/wp\/v2\/users\/1"}],"replies":[{"embeddable":true,"href":"https:\/\/dimeconsultoria.com\/index.php\/wp-json\/wp\/v2\/comments?post=534"}],"version-history":[{"count":25,"href":"https:\/\/dimeconsultoria.com\/index.php\/wp-json\/wp\/v2\/pages\/534\/revisions"}],"predecessor-version":[{"id":1203,"href":"https:\/\/dimeconsultoria.com\/index.php\/wp-json\/wp\/v2\/pages\/534\/revisions\/1203"}],"wp:attachment":[{"href":"https:\/\/dimeconsultoria.com\/index.php\/wp-json\/wp\/v2\/media?parent=534"}],"curies":[{"name":"wp","href":"https:\/\/api.w.org\/{rel}","templated":true}]}}